{"id":9812,"date":"2021-09-07T11:45:17","date_gmt":"2021-09-07T09:45:17","guid":{"rendered":"https:\/\/albanialab.al\/?page_id=9812"},"modified":"2021-09-07T17:22:23","modified_gmt":"2021-09-07T15:22:23","slug":"condizioni-duso","status":"publish","type":"page","link":"https:\/\/albanialab.al\/it\/condizioni-duso\/","title":{"rendered":"Condizioni d&#8217;uso"},"content":{"rendered":"<div class=\"wpb-content-wrapper\"><p>[vc_row][vc_column][vc_column_text]<\/p>\n<h2><span style=\"color: #f8ac21;\">Condizioni d&#8217;uso del sito<\/span><\/h2>\n<p>[\/vc_column_text][vc_column_text]<\/p>\n<h4 style=\"color: #f8ac21;\"><span style=\"color: #868686; font-size: 15px;\">Benvenuto sul sito web <\/span><span style=\"font-size: 15px; color: #0563c1;\"><u><a href=\"https:\/\/albanialab.al\/\">https:\/\/albanialab.al\/<\/a><\/u><\/span><span style=\"color: #868686; font-size: 15px;\"> (il \u201c<\/span><b style=\"color: #868686; font-size: 15px;\">Sito<\/b><span style=\"color: #868686; font-size: 15px;\">\u201d), di titolarit\u00e0 della societ\u00e0 ALBANIA LAB Sh.P.K , con sede legale in Rruga Sulejman Delvina, Qendra Olimpia, Kati 1 \u2013 TIRANA, partita IVA: M01511021O, Legale Rappresentante Sig. Massimiliano Stumpo, indirizzo e-mail\u00a0<\/span><span style=\"font-size: 15px; color: #0563c1;\"><u><a href=\"mailto:info@albanialab.al\">info@albanialab.al<\/a><\/u><\/span><span style=\"color: #868686; font-size: 15px;\">, ( <\/span><b style=\"color: #868686; font-size: 15px;\">Albania Lab<\/b><span style=\"color: #868686; font-size: 15px;\">)<\/span><\/h4>\n<p align=\"justify\">La navigazione, l\u2019uso e l\u2019accesso sul Sito presuppongono la lettura, la conoscenza e l&#8217;accettazione delle presenti Condizioni Generali d&#8217;Uso da parte dell\u2019utente. Qualora non dovessi concordare, in tutto o in parte, con le Condizioni Generali d&#8217;Uso del Sito, ti preghiamo di non utilizzarlo e di non accedere al medesimo.<\/p>\n<ul style=\"list-style-position: outside !important;\">\n<li>\n<p align=\"justify\">I contenuti presenti sul Sito, quali, a titolo esemplificativo, le opere, le immagini, le fotografie, i dialoghi, le musiche, i suoni ed i video, i documenti, i disegni, le figure, i loghi ed ogni altro materiale, in qualsiasi formato, pubblicato sul Sito medesimo, compresi i menu, le pagine web, la grafica, i colori, gli schemi, gli strumenti, i caratteri ed il design del Sito, i diagrammi, il layouts, i metodi, i processi, le funzioni ed il software che fanno parte del Sito, sono protetti dal diritto d&#8217;autore e da ogni altro diritto di propriet\u00e0 intellettuale di Albania Lab o di eventuali terzi dallo stesso contrattualizzati. \u00c8 vietata la riproduzione, in tutto o in parte, in qualsiasi forma, del Sito e dei suoi contenuti, senza il consenso espresso in forma scritta di Albania Lab.<\/p>\n<\/li>\n<li>\n<p align=\"justify\">L\u2019utente \u00e8 autorizzato unicamente a visualizzare il Sito ed i suoi contenuti fruendo dei relativi servizi ivi disponibili. L\u2019utente \u00e8, inoltre, autorizzato a compiere tutti quegli altri atti di riproduzione temporanei, privi di rilievo economico proprio, che sono considerati transitori o accessori, parte integrante ed essenziale della stessa visualizzazione e fruizione del Sito e dei suoi contenuti e tutte le altre operazioni di navigazione sul Sito che siano eseguite solo per un uso legittimo del medesimo. L\u2019utente non \u00e8 in alcun modo autorizzato ad eseguire alcuna riproduzione, su qualsiasi supporto, in tutto o in parte del Sito e dei suoi contenuti. Qualsiasi atto di riproduzione dovr\u00e0 essere, di volta in volta, autorizzato da Albania Lab o, all&#8217;occorrenza, dagli autori delle singole opere contenute nel Sito. Tali operazioni di riproduzione dovranno essere comunque eseguite per scopi leciti e nel rispetto del diritto d&#8217;autore e degli altri diritti di propriet\u00e0 intellettuale di Albania Lab e degli autori delle singole opere contenute nel Sito. Gli autori di singole opere pubblicate sul Sito hanno, in qualsiasi momento, il diritto di rivendicare la paternit\u00e0 delle proprie opere e di opporsi a qualsiasi deformazione, mutilazione od altra modificazione delle opere stesse compreso ogni atto a danno arrecato alle opere, che sia di pregiudizio al loro onore o alla loro reputazione. L\u2019utente si impegna a rispettare il diritto d&#8217;autore degli artisti che hanno scelto di pubblicare le loro opere sul Sito. Inoltre, l\u2019utente non \u00e8, in nessun caso, autorizzato ad utilizzare, in qualsiasi modo e forma, i contenuti del Sito ed ogni singola opera protetta dal diritto d&#8217;autore e da ogni altro diritto di propriet\u00e0 intellettuale, essendo inibita qualsiasi alterazione o modifica dei contenuti e delle opere protette senza il consenso di Albania Lab e, ove necessario, dei singoli autori.<\/p>\n<\/li>\n<li>\n<p align=\"justify\">Tutti i marchi ed i segni distintivi presenti sul Sito, anche per contraddistinguere i singoli prodotti, sono di titolarit\u00e0 esclusiva di Albania Lab di far uso esclusivo dei suddetti marchi. Pertanto, qualsiasi uso non consentito, non autorizzato e\/o non conforme alla legge \u00e8 severamente vietato e comporta conseguenze legali. Non \u00e8 in alcun modo consentito usare detti marchi ed ogni altro segno distintivo presente sul Sito per trarre indebitamente, anche indirettamente, vantaggio dal carattere distintivo o dalla rinomanza dei marchi di Albania Lab o in modo da recare pregiudizio agli stessi ed ai loro titolari.<\/p>\n<\/li>\n<li>\n<p align=\"justify\">Il Sito \u00e8 gestito dalla Societ\u00e0 Intenet &amp; Idee S.r.l. con sede legale in Cosenza (CS) Italia, Cap: 87100, in Piazza Europa n. 9 p. IVA: 02196690784, (il \u201c<b>Gestore<\/b>\u201d), in forza dell\u2019incarico in tal senso affidato dalla Albania Lab mediante apposito contratto di fornitura di servizi informatici.<\/p>\n<\/li>\n<li>\n<p align=\"justify\">Il Sito pu\u00f2 contenere collegamenti ipertestuali (i &#8220;<b>link<\/b>&#8220;) ad altri siti web che non hanno nessun collegamento con il Sito. Il Gestore non controlla n\u00e9 monitora di tali siti web e non ne garantisce pertanto in alcun modo i contenuti n\u00e9 la gestione dei dati. L\u2019utente dovr\u00e0 pertanto leggere attentamente le condizioni d&#8217;uso dei siti terzi visitati e le relative privacy policy, in quanto le presenti Condizioni d\u2019Uso e la Privacy Policy presenti e consultabili al seguente <span style=\"color: #0563c1;\"><u><a href=\"https:\/\/albanialab.al\/it\/privacy\/\">Link<\/a><\/u><\/span>\u00a0 si riferiscono unicamente al Sito.<\/p>\n<\/li>\n<li>\n<p align=\"justify\">Diversamente, l\u2019attivazione di link su siti terzi verso il Sito \u00e8 possibile solamente previo consenso ed autorizzazione del Gestore. L\u2019attivazione di link non autorizzati legittimer\u00e0 il Gestore ad agire per l\u2019immediata disattivazione dei link illegittimi e per l\u2019eventuale riconoscimento della relativa pratica commerciale o concorrenza sleale ovvero azione a discapito del buon nome e della rinomanza del gestore, dei suoi prodotti e delle societ\u00e0 del medesimo gruppo. \u00c8 in ogni caso vietata l&#8217;attivazione di collegamenti ipertestuali profondi (quali deep frames o deep links) al Sito ovvero l&#8217;uso non autorizzato di meta-tags.<\/p>\n<\/li>\n<li>\n<p align=\"justify\">L&#8217;accesso, l&#8217;uso e la navigazione del Sito sono attivit\u00e0 che possono essere liberamente condotte dagli utenti esclusivamente per usi personali ed in nessun modo correlati a qualsiasi attivit\u00e0 commerciale, imprenditoriale e professionale. Le attivit\u00e0 di utilizzo e navigazione del Sito vengono svolte dall&#8217;utente in totale autonomia e pertanto il Gestore non pu\u00f2 essere considerato responsabile per uso non corretto del Sito. Pertanto, ove eventuali attivit\u00e0 di download comportasse danni ad eventuali dispositivi utilizzati o perdita di dati, nessuna responsabilit\u00e0 potr\u00e0 essere imputata al Gestore salvi i casi di dolo o colpa grave.<\/p>\n<\/li>\n<li>\n<p align=\"justify\">Il Gestore inoltre declina ogni responsabilit\u00e0 per eventuali danni derivanti dall&#8217;inaccessibilit\u00e0 ai servizi presenti sul Sito o interruzioni del servizio, cancellazioni dei contenuti, problemi connessi alla rete, ai provider o a collegamenti telefonici e\/o telematici, ad accessi non autorizzati, ad alterazioni di dati, al mancato e\/o difettoso funzionamento delle apparecchiature elettroniche dell&#8217;utente stesso.<\/p>\n<\/li>\n<li>\n<p align=\"justify\">L\u2019utente \u00e8 responsabile della custodia e del corretto utilizzo delle proprie informazioni personali, ivi comprese le credenziali che consentono di accedere ai servizi riservati, nonch\u00e9 di ogni conseguenza dannosa o pregiudizio che dovesse derivare a carico del Gestore ovvero di terzi a seguito del non corretto utilizzo, dello smarrimento, sottrazione di tali informazioni.<\/p>\n<\/li>\n<li>\n<p align=\"justify\">Il Gestore ha provveduto ad adottare ogni ragionevole accorgimento per evitare che siano pubblicati sul Sito contenuti ed immagini che possano essere ritenuti lesivi del decoro, dei diritti umani e della dignit\u00e0 delle persone, in tutte le possibili forme ed espressioni. In ogni caso, qualora i suddetti contenuti siano ritenuti lesivi della sensibilit\u00e0 religiosa o etica o del decoro, l\u2019utente interessato \u00e8 pregato di comunicare tale condizione al Gestore (scrivendo alla casella e-mail\u00a0<span style=\"color: #0563c1;\"><u><a href=\"mailto:info@internet-idee.net\">info@internet-idee.net<\/a><\/u><\/span>, il quale tuttavia avverte che ogni eventuale accesso ai contenuti considerati lesivi o offensivi avviene da parte dell\u2019utente a proprio insindacabile giudizio ed a sua esclusiva e personale responsabilit\u00e0.<\/p>\n<\/li>\n<li>\n<p align=\"justify\">Il Gestore ha inoltre adottato ogni utile precauzione affinch\u00e9 tutte le informazioni presenti sul Sito siano corrette, complete ed aggiornate, tuttavia lo stesso non assume nei confronti degli utenti alcuna responsabilit\u00e0 circa l&#8217;accuratezza e la completezza dei contenuti pubblicati sul Sito, salvo quanto diversamente previsto dalla legge. Qualora un utente riscontrasse errori o mancati aggiornamenti delle informazioni presenti sul Sito \u00e8 pregato di comunicarlo al Gestore utilizzando la casella e-mail\u00a0<span style=\"color: #0563c1;\"><u><a href=\"mailto:info@internet-idee.net\">info@internet-idee.net<\/a><\/u><\/span><\/p>\n<\/li>\n<li>\n<p align=\"justify\">Le presenti Condizioni Generali d&#8217;Uso sono regolate dalla legge italiana. Nel caso di controversie nascenti dalle Condizioni Generali d&#8217;Uso tra il Gestore e l\u2019utente, sar\u00e0 competente il foro di Cosenza.<\/p>\n<\/li>\n<\/ul>\n<p align=\"justify\">***<\/p>\n<p align=\"justify\">Le presenti Condizioni Generali d\u2019Uso possono essere aggiornate o modificate dal Gestore nel tempo. Tali modifiche entreranno in vigore appena pubblicate sul Sito e, pertanto, si consiglia all\u2019utente di visionare con regolarit\u00e0 il presente documento.<\/p>\n<p>[\/vc_column_text][vc_empty_space][\/vc_column][\/vc_row]<\/p>\n<\/div>","protected":false},"excerpt":{"rendered":"<p>[vc_row][vc_column][vc_column_text] Condizioni d&#8217;uso del sito [\/vc_column_text][vc_column_text] Benvenuto sul sito web https:\/\/albanialab.al\/ (il \u201cSito\u201d), di titolarit\u00e0 della societ\u00e0 ALBANIA LAB Sh.P.K , con sede legale in Rruga Sulejman Delvina, Qendra Olimpia, Kati 1 \u2013 TIRANA, partita IVA: M01511021O, Legale Rappresentante Sig. [&hellip;]<\/p>\n","protected":false},"author":4,"featured_media":0,"parent":0,"menu_order":0,"comment_status":"closed","ping_status":"closed","template":"","meta":{"footnotes":""},"class_list":["post-9812","page","type-page","status-publish","hentry"],"yoast_head":"<!-- This site is optimized with the Yoast SEO plugin v23.4 - https:\/\/yoast.com\/wordpress\/plugins\/seo\/ -->\n<title>Condizioni d&#039;uso | Albania Lab<\/title>\n<meta name=\"description\" content=\"Albania Lab \u00e8 una societ\u00e0 di consulenza orientata allo sviluppo e all\u2019erogazione di soluzioni digitali e servizi IT. Consulta le nostre condizioni d\u2019uso.\" \/>\n<meta name=\"robots\" content=\"index, follow, max-snippet:-1, max-image-preview:large, max-video-preview:-1\" \/>\n<link rel=\"canonical\" href=\"https:\/\/www.albanialab.al\/it\/condizioni-duso\/\" \/>\n<meta property=\"og:locale\" content=\"it_IT\" \/>\n<meta property=\"og:type\" content=\"article\" \/>\n<meta property=\"og:title\" content=\"Condizioni d&#039;uso | Albania Lab\" \/>\n<meta property=\"og:description\" content=\"Albania Lab \u00e8 una societ\u00e0 di consulenza orientata allo sviluppo e all\u2019erogazione di soluzioni digitali e servizi IT. Consulta le nostre condizioni d\u2019uso.\" \/>\n<meta property=\"og:url\" content=\"https:\/\/www.albanialab.al\/it\/condizioni-duso\/\" \/>\n<meta property=\"og:site_name\" content=\"Albania Lab\" \/>\n<meta property=\"article:publisher\" content=\"https:\/\/www.facebook.com\/albanialab\/\" \/>\n<meta property=\"article:modified_time\" content=\"2021-09-07T15:22:23+00:00\" \/>\n<meta property=\"og:image\" content=\"https:\/\/albanialab.al\/wp-content\/uploads\/2020\/05\/opengraph-albania-lab-1.jpg\" \/>\n\t<meta property=\"og:image:width\" content=\"1200\" \/>\n\t<meta property=\"og:image:height\" content=\"628\" \/>\n\t<meta property=\"og:image:type\" content=\"image\/jpeg\" \/>\n<meta name=\"twitter:card\" content=\"summary_large_image\" \/>\n<meta name=\"twitter:site\" content=\"@AlbaniaLab\" \/>\n<meta name=\"twitter:label1\" content=\"Tempo di lettura stimato\" \/>\n\t<meta name=\"twitter:data1\" content=\"6 minuti\" \/>\n<script type=\"application\/ld+json\" class=\"yoast-schema-graph\">{\"@context\":\"https:\/\/schema.org\",\"@graph\":[{\"@type\":\"WebPage\",\"@id\":\"https:\/\/www.albanialab.al\/it\/condizioni-duso\/\",\"url\":\"https:\/\/www.albanialab.al\/it\/condizioni-duso\/\",\"name\":\"Condizioni d'uso | Albania Lab\",\"isPartOf\":{\"@id\":\"https:\/\/www.albanialab.al\/#website\"},\"datePublished\":\"2021-09-07T09:45:17+00:00\",\"dateModified\":\"2021-09-07T15:22:23+00:00\",\"description\":\"Albania Lab \u00e8 una societ\u00e0 di consulenza orientata allo sviluppo e all\u2019erogazione di soluzioni digitali e servizi IT. Consulta le nostre condizioni d\u2019uso.\",\"breadcrumb\":{\"@id\":\"https:\/\/www.albanialab.al\/it\/condizioni-duso\/#breadcrumb\"},\"inLanguage\":\"it-IT\",\"potentialAction\":[{\"@type\":\"ReadAction\",\"target\":[\"https:\/\/www.albanialab.al\/it\/condizioni-duso\/\"]}]},{\"@type\":\"BreadcrumbList\",\"@id\":\"https:\/\/www.albanialab.al\/it\/condizioni-duso\/#breadcrumb\",\"itemListElement\":[{\"@type\":\"ListItem\",\"position\":1,\"name\":\"Home\",\"item\":\"https:\/\/www.albanialab.al\/it\/\"},{\"@type\":\"ListItem\",\"position\":2,\"name\":\"Condizioni d&#8217;uso\"}]},{\"@type\":\"WebSite\",\"@id\":\"https:\/\/www.albanialab.al\/#website\",\"url\":\"https:\/\/www.albanialab.al\/\",\"name\":\"Albania Lab\",\"description\":\"\",\"publisher\":{\"@id\":\"https:\/\/www.albanialab.al\/#organization\"},\"potentialAction\":[{\"@type\":\"SearchAction\",\"target\":{\"@type\":\"EntryPoint\",\"urlTemplate\":\"https:\/\/www.albanialab.al\/?s={search_term_string}\"},\"query-input\":{\"@type\":\"PropertyValueSpecification\",\"valueRequired\":true,\"valueName\":\"search_term_string\"}}],\"inLanguage\":\"it-IT\"},{\"@type\":\"Organization\",\"@id\":\"https:\/\/www.albanialab.al\/#organization\",\"name\":\"Albania Lab\",\"url\":\"https:\/\/www.albanialab.al\/\",\"logo\":{\"@type\":\"ImageObject\",\"inLanguage\":\"it-IT\",\"@id\":\"https:\/\/www.albanialab.al\/#\/schema\/logo\/image\/\",\"url\":\"https:\/\/albanialab.al\/wp-content\/uploads\/2020\/05\/opengraph-albania-lab.jpg\",\"contentUrl\":\"https:\/\/albanialab.al\/wp-content\/uploads\/2020\/05\/opengraph-albania-lab.jpg\",\"width\":1200,\"height\":628,\"caption\":\"Albania Lab\"},\"image\":{\"@id\":\"https:\/\/www.albanialab.al\/#\/schema\/logo\/image\/\"},\"sameAs\":[\"https:\/\/www.facebook.com\/albanialab\/\",\"https:\/\/x.com\/AlbaniaLab\",\"https:\/\/www.instagram.com\/albania_lab\/\",\"https:\/\/www.linkedin.com\/company\/37242959\"]}]}<\/script>\n<!-- \/ Yoast SEO plugin. -->","yoast_head_json":{"title":"Condizioni d'uso | Albania Lab","description":"Albania Lab \u00e8 una societ\u00e0 di consulenza orientata allo sviluppo e all\u2019erogazione di soluzioni digitali e servizi IT. Consulta le nostre condizioni d\u2019uso.","robots":{"index":"index","follow":"follow","max-snippet":"max-snippet:-1","max-image-preview":"max-image-preview:large","max-video-preview":"max-video-preview:-1"},"canonical":"https:\/\/www.albanialab.al\/it\/condizioni-duso\/","og_locale":"it_IT","og_type":"article","og_title":"Condizioni d'uso | Albania Lab","og_description":"Albania Lab \u00e8 una societ\u00e0 di consulenza orientata allo sviluppo e all\u2019erogazione di soluzioni digitali e servizi IT. Consulta le nostre condizioni d\u2019uso.","og_url":"https:\/\/www.albanialab.al\/it\/condizioni-duso\/","og_site_name":"Albania Lab","article_publisher":"https:\/\/www.facebook.com\/albanialab\/","article_modified_time":"2021-09-07T15:22:23+00:00","og_image":[{"width":1200,"height":628,"url":"https:\/\/albanialab.al\/wp-content\/uploads\/2020\/05\/opengraph-albania-lab-1.jpg","type":"image\/jpeg"}],"twitter_card":"summary_large_image","twitter_site":"@AlbaniaLab","twitter_misc":{"Tempo di lettura stimato":"6 minuti"},"schema":{"@context":"https:\/\/schema.org","@graph":[{"@type":"WebPage","@id":"https:\/\/www.albanialab.al\/it\/condizioni-duso\/","url":"https:\/\/www.albanialab.al\/it\/condizioni-duso\/","name":"Condizioni d'uso | Albania Lab","isPartOf":{"@id":"https:\/\/www.albanialab.al\/#website"},"datePublished":"2021-09-07T09:45:17+00:00","dateModified":"2021-09-07T15:22:23+00:00","description":"Albania Lab \u00e8 una societ\u00e0 di consulenza orientata allo sviluppo e all\u2019erogazione di soluzioni digitali e servizi IT. Consulta le nostre condizioni d\u2019uso.","breadcrumb":{"@id":"https:\/\/www.albanialab.al\/it\/condizioni-duso\/#breadcrumb"},"inLanguage":"it-IT","potentialAction":[{"@type":"ReadAction","target":["https:\/\/www.albanialab.al\/it\/condizioni-duso\/"]}]},{"@type":"BreadcrumbList","@id":"https:\/\/www.albanialab.al\/it\/condizioni-duso\/#breadcrumb","itemListElement":[{"@type":"ListItem","position":1,"name":"Home","item":"https:\/\/www.albanialab.al\/it\/"},{"@type":"ListItem","position":2,"name":"Condizioni d&#8217;uso"}]},{"@type":"WebSite","@id":"https:\/\/www.albanialab.al\/#website","url":"https:\/\/www.albanialab.al\/","name":"Albania Lab","description":"","publisher":{"@id":"https:\/\/www.albanialab.al\/#organization"},"potentialAction":[{"@type":"SearchAction","target":{"@type":"EntryPoint","urlTemplate":"https:\/\/www.albanialab.al\/?s={search_term_string}"},"query-input":{"@type":"PropertyValueSpecification","valueRequired":true,"valueName":"search_term_string"}}],"inLanguage":"it-IT"},{"@type":"Organization","@id":"https:\/\/www.albanialab.al\/#organization","name":"Albania Lab","url":"https:\/\/www.albanialab.al\/","logo":{"@type":"ImageObject","inLanguage":"it-IT","@id":"https:\/\/www.albanialab.al\/#\/schema\/logo\/image\/","url":"https:\/\/albanialab.al\/wp-content\/uploads\/2020\/05\/opengraph-albania-lab.jpg","contentUrl":"https:\/\/albanialab.al\/wp-content\/uploads\/2020\/05\/opengraph-albania-lab.jpg","width":1200,"height":628,"caption":"Albania Lab"},"image":{"@id":"https:\/\/www.albanialab.al\/#\/schema\/logo\/image\/"},"sameAs":["https:\/\/www.facebook.com\/albanialab\/","https:\/\/x.com\/AlbaniaLab","https:\/\/www.instagram.com\/albania_lab\/","https:\/\/www.linkedin.com\/company\/37242959"]}]}},"_links":{"self":[{"href":"https:\/\/albanialab.al\/it\/wp-json\/wp\/v2\/pages\/9812"}],"collection":[{"href":"https:\/\/albanialab.al\/it\/wp-json\/wp\/v2\/pages"}],"about":[{"href":"https:\/\/albanialab.al\/it\/wp-json\/wp\/v2\/types\/page"}],"author":[{"embeddable":true,"href":"https:\/\/albanialab.al\/it\/wp-json\/wp\/v2\/users\/4"}],"replies":[{"embeddable":true,"href":"https:\/\/albanialab.al\/it\/wp-json\/wp\/v2\/comments?post=9812"}],"version-history":[{"count":4,"href":"https:\/\/albanialab.al\/it\/wp-json\/wp\/v2\/pages\/9812\/revisions"}],"predecessor-version":[{"id":9817,"href":"https:\/\/albanialab.al\/it\/wp-json\/wp\/v2\/pages\/9812\/revisions\/9817"}],"wp:attachment":[{"href":"https:\/\/albanialab.al\/it\/wp-json\/wp\/v2\/media?parent=9812"}],"curies":[{"name":"wp","href":"https:\/\/api.w.org\/{rel}","templated":true}]}}