{"id":9709,"date":"2016-03-08T16:20:26","date_gmt":"2016-03-08T15:20:26","guid":{"rendered":"https:\/\/albanialab.al\/privacy\/"},"modified":"2022-01-03T10:59:15","modified_gmt":"2022-01-03T09:59:15","slug":"privacy","status":"publish","type":"page","link":"https:\/\/albanialab.al\/it\/privacy\/","title":{"rendered":"Privacy"},"content":{"rendered":"<div class=\"wpb-content-wrapper\"><p>[vc_row][vc_column][vc_column_text]<\/p>\n<h2><span style=\"color: #f8ac21;\">Albania Lab rispetta la tua privacy<\/span><\/h2>\n<h3><span style=\"color: #f8ac21;\">Leggi l\u2019informativa<\/span><\/h3>\n<p>[\/vc_column_text][vc_column_text]<\/p>\n<h4 style=\"color: #f8ac21;\">1. CHI \u00c8 IL TITOLARE DEL TRATTAMENTO DEI DATI PERSONALI?<\/h4>\n<p style=\"text-align: justify;\">ALBANIA LAB Sh.P.K. (\u201cAlbania Lab\u201d), con sede legale in Rruga Abdi Toptani \u2013 Torre DRIN \u2013 1001 TIRANA, partita IVA: M01511021O, in persona del legale rappresentante Sig. Massimiliano Stumpo, indirizzo e-mail <a href=\"mailto:info@albanialab.al\">info@albanialab.al<\/a>, \u00e8 il \u201cTitolare del trattamento\u201d.<\/p>\n<h4 style=\"color: #f8ac21;\">2. QUALI SONO I DATI TRATTATI DA ALBANIA LAB?<\/h4>\n<p style=\"text-align: justify;\">Il Titolare tratta i dati personali degli utenti e dei suoi servizi di comunicazione elettronica, tra cui nome, cognome, indirizzo, numero di telefono, indirizzo e-mail e qualsiasi tipo di dati di contatto (\u201cDati personali\u201d).<\/p>\n<p style=\"text-align: justify;\">Il Titolare pu\u00f2 altres\u00ec trattare i dati personali c.d. particolari ovvero sensibili dell\u2019utente, con specifico ed esclusivo riferimento ai dati medico sanitari, biometrici, genetici (\u201c<b>Dati Medico-Sanitari<\/b>\u201d).<\/p>\n<p style=\"text-align: justify;\">Per il trattamento dei dati medico-sanitari da parte del Titolare \u00e8 sempre richiesto l\u2019espresso consenso da parte dell\u2019utente.<\/p>\n<h4 style=\"color: #f8ac21;\">3. INFORMAZIONI SUL TRATTAMENTO DEI DATI<\/h4>\n<p style=\"text-align: justify;\">Il Titolare del trattamento elabora i Dati personali rilasciati dagli utenti nella forma appropriata e al fine di fornire il miglior servizio di qualit\u00e0 ai propri clienti e rispondere meglio alle loro richieste. Questi dati danno ad Albania Lab la possibilit\u00e0 di migliorare e migliorare ulteriormente i suoi servizi e di fornire informazioni in base alle richieste dell\u2019utente, come ad es. tramite SMS, MMS, e-mail, telemarketing ecc. Allo stesso modo:<\/p>\n<ul>\n<li style=\"list-style-type: none;\">\n<ul>\n<li>I dati personali che Albania Lab raccoglie dai propri clienti vengono sempre utilizzati nel rispetto della normativa vigente.<\/li>\n<li>I dati personali sono trattati in modo onesto, equo e nel rispetto della legge.<\/li>\n<li>I dati personali sono trattati solo per il periodo di tempo rilevante per gli obiettivi specifici per i quali tali dati vengono raccolti da Albania Lab.<\/li>\n<\/ul>\n<\/li>\n<\/ul>\n<p style=\"text-align: justify;\">Tutti i metodi di raccolta dei dati personali (ad esempio i moduli di domanda dei clienti) comporteranno informazioni complete e chiare sul motivo per cui vengono raccolti, anche se potrebbero essere di natura secondaria e non facilmente comprensibili da parte dell\u2019utente (ad esempio se i dati personali vengono raccolti per scopi di marketing ti verr\u00e0 spiegato questo e ti verr\u00e0 data la possibilit\u00e0 di rifiutare di fornire i dati).<\/p>\n<p><i style=\"color: #f8ac21;\"><b>Focus sul trattamento dei dati medico-sanitari<\/b><\/i><\/p>\n<p style=\"text-align: justify;\">Il Titolare tratter\u00e0 i dati medico-sanitari solo nel caso in cui detto trattamento sia necessario ai fini dell\u2019erogazione degli specifici servizi richiesti dall\u2019utente ad Albania Lab.<\/p>\n<p style=\"text-align: justify;\">A titolo esemplificativo, il Titolare richieder\u00e0 all\u2019utente di rilasciare il proprio consenso espresso ove l\u2019utente richieda ad Albania Lab di preventivi per specifiche operazioni odontoiatriche, ovvero la comparazione di diversi preventivi provenienti da pi\u00f9 studi odontoiatrici.<\/p>\n<p style=\"text-align: justify;\">Al fine di erogare all\u2019utente i preventivi di spesa richiesti ad Albania \u2013 Lab, il Titolare potrebbe richiedere all\u2019utente di allegare alla specifica richiesta da questo avanzata, dei documenti sanitari\/referti medici.<\/p>\n<p><strong><em style=\"color: #f8ac21;\">Focus sul trasferimento di dati personali a soggetti terzi<\/em><\/strong><\/p>\n<p style=\"text-align: justify;\">Il trasferimento di dati personali verso soggetti terzi potr\u00e0 avvenire solo a patto che detti soggetti terzi siano agenti debitamente autorizzati di Albania Lab, ovvero siano fornitori di Albania Lab che operino conformemente alle direttive fornite da Albania Lab stessa.<br \/>\nAlbania Lab trasferisce i dati personali degli utenti solo previo consenso espresso liberamente esercitato dall\u2019utente in tal senso.<br \/>\nNel caso in cui l\u2019utente abbia fornito il proprio consenso espresso ad un soggetto terzo, autorizzandolo al trasferimento dei propri dati personali ad Albania Lab, quest\u2019ultima non sar\u00e0 ritenuta responsabile del trasferimento di detti dati personali.<\/p>\n<h4 style=\"color: #f8ac21;\">4. COME PUOI OTTENERE L\u2019ACCESSO ALLE TUE INFORMAZIONI<\/h4>\n<p style=\"text-align: justify;\">Per l\u2019attuazione della legge n. 9887 del 10.03.2008 \u201cSulla protezione dei dati personali\u201d, hai il diritto di richiedere informazioni sui tuoi dati personali trattati dal Titolare e risponderemo entro un termine di 30 giorni. La richiesta deve essere inviata per iscritto al seguente indirizzo: <a href=\"mailto:info@albanialab.al\">info@albanialab.al<\/a>.<\/p>\n<p style=\"text-align: justify;\">Nella richiesta dovresti menzionare il tuo nome, indirizzo e numero di cellulare. Albania Lab prender\u00e0 tutte le misure necessarie per identificare la tua identit\u00e0 prima di emettere una copia delle informazioni.<\/p>\n<h4 style=\"color: #f8ac21;\">5. PER QUANTO TEMPO CONSERVIAMO I DATI PERSONALI DELL\u2019UTENTE?<\/h4>\n<p><i style=\"color: #f8ac21;\"><b>Focus sui tempi di conservazione dei dati personali<\/b><\/i><\/p>\n<p style=\"text-align: justify;\">I dati personali verranno salvati per il tempo necessario conformemente alla finalit\u00e0 principale per la quale siano stati raccolti.<\/p>\n<p style=\"text-align: justify;\">Il periodo di conservazione dei dati viene stabilito nel rispetto della normativa vigente in materia.<\/p>\n<p style=\"text-align: justify;\">In alcuni casi, alcuni dei dati che in linea di principio non devono essere conservati da Albania Lab, possono essere salvati a causa di circostanze speciali, ad esempio indagini giudiziarie.<\/p>\n<p style=\"text-align: justify;\">Il periodo di tempo per la conservazione dei dati \u00e8 il seguente:<\/p>\n<ul>\n<li style=\"list-style-type: none;\">\n<ul>\n<li style=\"list-style-type: none;\">\n<ul>\n<li style=\"text-align: justify;\">I dati del modulo di contatto dei clienti vengono conservati per tutto il tempo necessario a garantire la fornitura del servizio.<\/li>\n<li style=\"text-align: justify;\">I dati sul traffico sono conservati ai fini del loro eventuale utilizzo nell\u2019ambito di procedimenti penali, nel rispetto delle disposizioni di legge.<\/li>\n<\/ul>\n<\/li>\n<\/ul>\n<\/li>\n<\/ul>\n<p style=\"text-align: justify;\">I dati personali degli utenti saranno definitivamente cancellati allo spirare di un determinato periodo di conservazione, stabilito in base ai seguenti criteri:<\/p>\n<ul>\n<li style=\"list-style-type: none;\">\n<ul>\n<li style=\"list-style-type: none;\">\n<ul>\n<li style=\"text-align: justify;\">Conserviamo i tuoi dati personali per tutto il tempo in cui persiste un rapporto con il Titolare (ad esempio finch\u00e9 l\u2019utente mantiene il proprio account con Albania-Lab);<\/li>\n<li style=\"text-align: justify;\">Conserviamo i tuoi dati personali finch\u00e9 \u00e8 attivo il tuo account con Albania -Lab e finch\u00e9 quest\u2019ultima eroga servizi nei tuoi confronti;<\/li>\n<li style=\"text-align: justify;\">Conserviamo i tuoi dati personali per il tempo necessario in conformit\u00e0 alla normativa vigente e nel rispetto degli obblighi contrattuali.<\/li>\n<li style=\"text-align: justify;\">I dati medico-sanitari dell\u2019utente saranno conservati per un massimo di 30 giorni.<\/li>\n<\/ul>\n<\/li>\n<\/ul>\n<\/li>\n<\/ul>\n<h4 style=\"color: #f8ac21;\">6. INFORMAZIONI SULLA CORREZIONE E LA CANCELLAZIONE DEI DATI PERSONALI<\/h4>\n<p style=\"text-align: justify;\">Per correggere\/cancellare i tuoi dati personali, ti preghiamo di contattarci per iscritto al seguente indirizzo: <a href=\"mailto:info@albanialab.al\">info@albanialab.al<\/a>. Albania Lab per l\u2019attuazione della legge n. 9887 del 10.03.2008 \u201cSulla protezione dei dati personali\u201d in risposta alla sua richiesta, \u00e8 legalmente obbligato ad adottare misure per la correzione e l\u2019eventuale cancellazione dei dati personali entro 30 giorni. Potrebbe essere necessaria una copia di un documento di identit\u00e0 valido insieme alla richiesta scritta.<\/p>\n<h4 style=\"color: #f8ac21;\">7. MISURE DI SICUREZZA RELATIVE AI DATI PERSONALI<\/h4>\n<p style=\"text-align: justify;\">Albania Lab \u00e8 consapevole dell\u2019importanza e della sensibilit\u00e0 dei dati personali e rispettiamo rigorosamente le misure di sicurezza previste dalla legge n. 9887 del 10.03.2008 \u201cProtezione dei dati personali\u201d. Lo facciamo attraverso l\u2019uso di tecniche avanzate e moderne per la conservazione di basi di dati e dei nostri sistemi informatici. Inoltre, Albania Lab si occupa del trasferimento e della registrazione dei dati da effettuare in base a rigorose misure di sicurezza, nel pieno rispetto della legislazione pertinente. Tuttavia, il sito di Albania Lab potrebbe contenere un collegamento verso altri siti Internet. Albania Lab non \u00e8 responsabile dei contenuti di questi sistemi e ti consiglia di leggere le dichiarazioni sulla privacy di questi siti. Le condizioni sostenute da questi siti potrebbero cambiare rispetto a quelle di Albania Lab.<\/p>\n<h4 style=\"color: #f8ac21;\">8. AVETE DOMANDE E SUGGERIMENTI? NON ESITARE A CONTATTARCI!<\/h4>\n<p style=\"text-align: justify;\">Tramite le spiegazioni di cui sopra, Albania Lab spera di averti fornito informazioni complete e accurate sui suoi problemi di privacy nell\u2019ambito dei servizi forniti da Albania Lab.<\/p>\n<p style=\"text-align: justify;\">In caso di domande, richieste o suggerimenti su questi problemi, non esitate a contattarci al seguente indirizzo: <a href=\"mailto:info@albanialab.al\">info@albanialab.al<\/a>.<\/p>\n<h4 style=\"color: #f8ac21;\">9. VARIE<\/h4>\n<p style=\"text-align: justify;\">Il presente regolamento deve essere interpretato in conformit\u00e0 con le Condizioni generali di questo sito e le Condizioni generali applicate da Albania Lab per i suoi clienti.<\/p>\n<p style=\"text-align: justify;\">Albania Lab si riserva il diritto di cambiare o modificare il presente regolamento in qualsiasi momento, per l\u2019implementazione di eventuali cambiamenti nella legislazione in vigore nel campo della protezione dei dati personali e della privacy.<\/p>\n<p>[\/vc_column_text][vc_empty_space][\/vc_column][\/vc_row]<\/p>\n<\/div>","protected":false},"excerpt":{"rendered":"<p>[vc_row][vc_column][vc_column_text] Albania Lab rispetta la tua privacy Leggi l\u2019informativa [\/vc_column_text][vc_column_text] 1. CHI \u00c8 IL TITOLARE DEL TRATTAMENTO DEI DATI PERSONALI? ALBANIA LAB Sh.P.K. (\u201cAlbania Lab\u201d), con sede legale in Rruga Abdi Toptani \u2013 Torre DRIN \u2013 1001 TIRANA, partita IVA: [&hellip;]<\/p>\n","protected":false},"author":4,"featured_media":0,"parent":0,"menu_order":0,"comment_status":"closed","ping_status":"closed","template":"","meta":{"footnotes":""},"class_list":["post-9709","page","type-page","status-publish","hentry"],"yoast_head":"<!-- This site is optimized with the Yoast SEO plugin v23.4 - https:\/\/yoast.com\/wordpress\/plugins\/seo\/ -->\n<title>Privacy Policy | Albania Lab<\/title>\n<meta name=\"description\" content=\"On this page you can find the privacy policy that defines the processing and use of personal data of users who visit Albania Lab website.\" \/>\n<meta name=\"robots\" content=\"index, follow, max-snippet:-1, max-image-preview:large, max-video-preview:-1\" \/>\n<link rel=\"canonical\" href=\"https:\/\/www.albanialab.al\/it\/privacy\/\" \/>\n<meta property=\"og:locale\" content=\"it_IT\" \/>\n<meta property=\"og:type\" content=\"article\" \/>\n<meta property=\"og:title\" content=\"Privacy Policy | Albania Lab\" \/>\n<meta property=\"og:description\" content=\"On this page you can find the privacy policy that defines the processing and use of personal data of users who visit Albania Lab website.\" \/>\n<meta property=\"og:url\" content=\"https:\/\/www.albanialab.al\/it\/privacy\/\" \/>\n<meta property=\"og:site_name\" content=\"Albania Lab\" \/>\n<meta property=\"article:publisher\" content=\"https:\/\/www.facebook.com\/albanialab\/\" \/>\n<meta property=\"article:modified_time\" content=\"2022-01-03T09:59:15+00:00\" \/>\n<meta property=\"og:image\" content=\"https:\/\/albanialab.al\/wp-content\/uploads\/2020\/05\/opengraph-albania-lab-1.jpg\" \/>\n\t<meta property=\"og:image:width\" content=\"1200\" \/>\n\t<meta property=\"og:image:height\" content=\"628\" \/>\n\t<meta property=\"og:image:type\" content=\"image\/jpeg\" \/>\n<meta name=\"twitter:card\" content=\"summary_large_image\" \/>\n<meta name=\"twitter:site\" content=\"@AlbaniaLab\" \/>\n<meta name=\"twitter:label1\" content=\"Tempo di lettura stimato\" \/>\n\t<meta name=\"twitter:data1\" content=\"6 minuti\" \/>\n<script type=\"application\/ld+json\" class=\"yoast-schema-graph\">{\"@context\":\"https:\/\/schema.org\",\"@graph\":[{\"@type\":\"WebPage\",\"@id\":\"https:\/\/www.albanialab.al\/it\/privacy\/\",\"url\":\"https:\/\/www.albanialab.al\/it\/privacy\/\",\"name\":\"Privacy Policy | Albania Lab\",\"isPartOf\":{\"@id\":\"https:\/\/www.albanialab.al\/#website\"},\"datePublished\":\"2016-03-08T15:20:26+00:00\",\"dateModified\":\"2022-01-03T09:59:15+00:00\",\"description\":\"On this page you can find the privacy policy that defines the processing and use of personal data of users who visit Albania Lab website.\",\"breadcrumb\":{\"@id\":\"https:\/\/www.albanialab.al\/it\/privacy\/#breadcrumb\"},\"inLanguage\":\"it-IT\",\"potentialAction\":[{\"@type\":\"ReadAction\",\"target\":[\"https:\/\/www.albanialab.al\/it\/privacy\/\"]}]},{\"@type\":\"BreadcrumbList\",\"@id\":\"https:\/\/www.albanialab.al\/it\/privacy\/#breadcrumb\",\"itemListElement\":[{\"@type\":\"ListItem\",\"position\":1,\"name\":\"Home\",\"item\":\"https:\/\/www.albanialab.al\/it\/\"},{\"@type\":\"ListItem\",\"position\":2,\"name\":\"Privacy\"}]},{\"@type\":\"WebSite\",\"@id\":\"https:\/\/www.albanialab.al\/#website\",\"url\":\"https:\/\/www.albanialab.al\/\",\"name\":\"Albania Lab\",\"description\":\"\",\"publisher\":{\"@id\":\"https:\/\/www.albanialab.al\/#organization\"},\"potentialAction\":[{\"@type\":\"SearchAction\",\"target\":{\"@type\":\"EntryPoint\",\"urlTemplate\":\"https:\/\/www.albanialab.al\/?s={search_term_string}\"},\"query-input\":{\"@type\":\"PropertyValueSpecification\",\"valueRequired\":true,\"valueName\":\"search_term_string\"}}],\"inLanguage\":\"it-IT\"},{\"@type\":\"Organization\",\"@id\":\"https:\/\/www.albanialab.al\/#organization\",\"name\":\"Albania Lab\",\"url\":\"https:\/\/www.albanialab.al\/\",\"logo\":{\"@type\":\"ImageObject\",\"inLanguage\":\"it-IT\",\"@id\":\"https:\/\/www.albanialab.al\/#\/schema\/logo\/image\/\",\"url\":\"https:\/\/albanialab.al\/wp-content\/uploads\/2020\/05\/opengraph-albania-lab.jpg\",\"contentUrl\":\"https:\/\/albanialab.al\/wp-content\/uploads\/2020\/05\/opengraph-albania-lab.jpg\",\"width\":1200,\"height\":628,\"caption\":\"Albania Lab\"},\"image\":{\"@id\":\"https:\/\/www.albanialab.al\/#\/schema\/logo\/image\/\"},\"sameAs\":[\"https:\/\/www.facebook.com\/albanialab\/\",\"https:\/\/x.com\/AlbaniaLab\",\"https:\/\/www.instagram.com\/albania_lab\/\",\"https:\/\/www.linkedin.com\/company\/37242959\"]}]}<\/script>\n<!-- \/ Yoast SEO plugin. -->","yoast_head_json":{"title":"Privacy Policy | Albania Lab","description":"On this page you can find the privacy policy that defines the processing and use of personal data of users who visit Albania Lab website.","robots":{"index":"index","follow":"follow","max-snippet":"max-snippet:-1","max-image-preview":"max-image-preview:large","max-video-preview":"max-video-preview:-1"},"canonical":"https:\/\/www.albanialab.al\/it\/privacy\/","og_locale":"it_IT","og_type":"article","og_title":"Privacy Policy | Albania Lab","og_description":"On this page you can find the privacy policy that defines the processing and use of personal data of users who visit Albania Lab website.","og_url":"https:\/\/www.albanialab.al\/it\/privacy\/","og_site_name":"Albania Lab","article_publisher":"https:\/\/www.facebook.com\/albanialab\/","article_modified_time":"2022-01-03T09:59:15+00:00","og_image":[{"width":1200,"height":628,"url":"https:\/\/albanialab.al\/wp-content\/uploads\/2020\/05\/opengraph-albania-lab-1.jpg","type":"image\/jpeg"}],"twitter_card":"summary_large_image","twitter_site":"@AlbaniaLab","twitter_misc":{"Tempo di lettura stimato":"6 minuti"},"schema":{"@context":"https:\/\/schema.org","@graph":[{"@type":"WebPage","@id":"https:\/\/www.albanialab.al\/it\/privacy\/","url":"https:\/\/www.albanialab.al\/it\/privacy\/","name":"Privacy Policy | Albania Lab","isPartOf":{"@id":"https:\/\/www.albanialab.al\/#website"},"datePublished":"2016-03-08T15:20:26+00:00","dateModified":"2022-01-03T09:59:15+00:00","description":"On this page you can find the privacy policy that defines the processing and use of personal data of users who visit Albania Lab website.","breadcrumb":{"@id":"https:\/\/www.albanialab.al\/it\/privacy\/#breadcrumb"},"inLanguage":"it-IT","potentialAction":[{"@type":"ReadAction","target":["https:\/\/www.albanialab.al\/it\/privacy\/"]}]},{"@type":"BreadcrumbList","@id":"https:\/\/www.albanialab.al\/it\/privacy\/#breadcrumb","itemListElement":[{"@type":"ListItem","position":1,"name":"Home","item":"https:\/\/www.albanialab.al\/it\/"},{"@type":"ListItem","position":2,"name":"Privacy"}]},{"@type":"WebSite","@id":"https:\/\/www.albanialab.al\/#website","url":"https:\/\/www.albanialab.al\/","name":"Albania Lab","description":"","publisher":{"@id":"https:\/\/www.albanialab.al\/#organization"},"potentialAction":[{"@type":"SearchAction","target":{"@type":"EntryPoint","urlTemplate":"https:\/\/www.albanialab.al\/?s={search_term_string}"},"query-input":{"@type":"PropertyValueSpecification","valueRequired":true,"valueName":"search_term_string"}}],"inLanguage":"it-IT"},{"@type":"Organization","@id":"https:\/\/www.albanialab.al\/#organization","name":"Albania Lab","url":"https:\/\/www.albanialab.al\/","logo":{"@type":"ImageObject","inLanguage":"it-IT","@id":"https:\/\/www.albanialab.al\/#\/schema\/logo\/image\/","url":"https:\/\/albanialab.al\/wp-content\/uploads\/2020\/05\/opengraph-albania-lab.jpg","contentUrl":"https:\/\/albanialab.al\/wp-content\/uploads\/2020\/05\/opengraph-albania-lab.jpg","width":1200,"height":628,"caption":"Albania Lab"},"image":{"@id":"https:\/\/www.albanialab.al\/#\/schema\/logo\/image\/"},"sameAs":["https:\/\/www.facebook.com\/albanialab\/","https:\/\/x.com\/AlbaniaLab","https:\/\/www.instagram.com\/albania_lab\/","https:\/\/www.linkedin.com\/company\/37242959"]}]}},"_links":{"self":[{"href":"https:\/\/albanialab.al\/it\/wp-json\/wp\/v2\/pages\/9709"}],"collection":[{"href":"https:\/\/albanialab.al\/it\/wp-json\/wp\/v2\/pages"}],"about":[{"href":"https:\/\/albanialab.al\/it\/wp-json\/wp\/v2\/types\/page"}],"author":[{"embeddable":true,"href":"https:\/\/albanialab.al\/it\/wp-json\/wp\/v2\/users\/4"}],"replies":[{"embeddable":true,"href":"https:\/\/albanialab.al\/it\/wp-json\/wp\/v2\/comments?post=9709"}],"version-history":[{"count":11,"href":"https:\/\/albanialab.al\/it\/wp-json\/wp\/v2\/pages\/9709\/revisions"}],"predecessor-version":[{"id":9841,"href":"https:\/\/albanialab.al\/it\/wp-json\/wp\/v2\/pages\/9709\/revisions\/9841"}],"wp:attachment":[{"href":"https:\/\/albanialab.al\/it\/wp-json\/wp\/v2\/media?parent=9709"}],"curies":[{"name":"wp","href":"https:\/\/api.w.org\/{rel}","templated":true}]}}